{"id":2,"date":"2017-07-03T15:53:17","date_gmt":"2017-07-03T15:53:17","guid":{"rendered":"http:\/\/www.pbo.net.pl\/?page_id=2"},"modified":"2018-08-08T04:59:42","modified_gmt":"2018-08-08T04:59:42","slug":"about","status":"publish","type":"page","link":"https:\/\/www.pbo.net.pl\/","title":{"rendered":"Motto"},"content":{"rendered":"<p>We wrze\u015bniu 2016 r. zmuszony zosta\u0142em\u00a0 zawiesi\u0107 dzia\u0142alno\u015b\u0107 gospodarcz\u0105 mojej fantastycznej sp\u00f3\u0142ki Polish Business Oferss sp. z o.o. &#8211;\u00a0 \u00a0po 25\u00a0 latach\u00a0 bardzo wydajnej i naprawd\u0119 &#8222;spektakularnej&#8221; dzia\u0142alno\u015bci doradczej,\u00a0 z powodu wyniszczaj\u0105cych j\u0105\u00a0 atak\u00f3w mafijnych grup przest\u0119pczych powi\u0105zanych z uk\u0142adami politycznymi wsp\u00f3\u0142dzia\u0142aj\u0105cymi z Prokuraturami, mediami i Urz\u0119dami Skarbowymi.<\/p>\n<p>W du\u017cym skr\u00f3cie:\u00a0 PBO\u00a0 &#8222;pod\u0142o\u017cy\u0142o\u00a0 sporo \u0142adunk\u00f3w\u00a0 wybuchowych&#8221;\u00a0 i wysadzi\u0142o\u00a0 w powietrze &#8222;krzywe&#8221; interesy\u00a0 niekt\u00f3rych\u00a0 przest\u0119pc\u00f3w gospodarczych &#8211; g\u0142\u00f3wnie\u00a0 polityk\u00f3w z\u00a0 PSL.\u00a0 Upubliczniane b\u0105d\u017a zg\u0142aszane do Prokuratury przest\u0119pstwa ko\u0144czy\u0142y si\u0119 (sic !) wszczynaniem post\u0119powa\u0144 przeciwko PBO.\u00a0 \u00a0 Nigdy niczego PBO nie udowodniono, zawsze wszystko umarzano, bo\u00a0 niczego nie by\u0142o, ale nie\u017ale &#8222;UM\u0118CZONO&#8221; .<\/p>\n<p>Gorzej by\u0142o z Urz\u0119dami Skarbowymi, to zawsze KOSZTOWA\u0141O.\u00a0 Bo jak psa si\u0119 chce uderzy\u0107 to kij si\u0119 zawsze znajdzie. Wielu uczciwych biznesmen\u00f3w w Polsce mo\u017ce to potwierdzi\u0107. To wyko\u0144czy\u0142o ostatecznie PBO. Zobowi\u0105zania podatkowe,\u00a0 WIRTUALNE na setki tysi\u0119cy !!!!\u00a0 \u00a0Za nic.\u00a0 I koniec &#8211;\u00a0 \u00a0brak Si\u0142, brak Motywacji i \u015arodk\u00f3w na dalsz\u0105 dzia\u0142alno\u015b\u0107.<\/p>\n<p>PBO zrealizowa\u0142a w trakcie swojego ISTNIENIA\u00a0 z sukcesem ponad sto projekt\u00f3w prywatyzacyjnych i restrukturyzacyjnych w bran\u017cach\u00a0 motoryzacyjnej\u00a0 (FSO, URSUS,\u00a0 KZNS),\u00a0 Energetycznej (PGE, Enea, Elektrownia Kozienice, ENERGA, HEI Chiny, PAK), bankowej (Millennium,Bank Gda\u0144ski, Bank Komunalny w Gdyni,\u00a0 \u00a0Bank PKO bp.)\u00a0 \u00a0stoczniowej &#8211; morskiej (Stocznia Gda\u0144ska SA, Stocznia Szczeci\u0144ska NOWA &#8211; armatorzy,\u00a0 \u00a0PPiUR BARKA), drogowej &#8211; autostrady (GPRD Gda\u0144sk, Skanska).\u00a0 g\u00f3rniczej (KHW, Z.\u00a0 Bakala &#8211; Czechy &#8211; New World Resources) i tradycyjne: wielu innych, np. prywatyzacja NOVITA Zielona G\u00f3ra, BPU Za\u0142om Szczecin &#8230;.<\/p>\n<h2 style=\"text-align: center;\"><strong>W tej chwili zgodnie z posiadanymi uprawnieniami ceduj\u0119 wszelkie prawa\u00a0 \u00a0 &#8211;\u00a0\u00a0<\/strong><strong>Polish Business Offers sp. z o.o.\u00a0 \u00a0 w skr\u00f3cie\u00a0 \u00a0 \u00a0 \u00a0PBO\u00a0 \u00a0<\/strong><strong>na\u00a0 &#8211;\u00a0 Prawd\u0119 Bez Ogranicze\u0144 w skr\u00f3cie\u00a0 PBO w tym prawa do\u00a0 domeny:\u00a0 \u00a0 \u00a0 pbo.net.pl<\/strong><\/h2>\n<p>Nie jestem zwolennikiem spiskowych teorii. Pragn\u0119 zaj\u0105\u0107 si\u0119 tutaj faktami, zdarzeniami, kt\u00f3rych by\u0142em osobi\u015bcie \u015bwiadkiem. Wszystko o czym tutaj pisz\u0119\u00a0 widzia\u0142em, dotyka\u0142em i do\u015bwiadcza\u0142em, cz\u0119sto drastycznie. \u00a0Wydaje mi si\u0119, \u017ce w naszej najnowszej historii nie by\u0142o wielkich, tajemniczych spisk\u00f3w, ale te\u017c nic nie dzia\u0142o si\u0119 przez przypadek. Generalnie nasz\u0105 histori\u0119 tworzy\u0142y rozgrywki, tzw. gry interes\u00f3w. Byli silni i silniejsi, m\u0105drzejsi i g\u0142upsi, bogaci i biedni, zdrajcy \u00a0i bohaterzy, Polacy i imigranci.\u00a0 Dobro i z\u0142o.<\/p>\n<p><strong>Chcia\u0142bym, \u00a0by dzi\u0119ki mojemu blogowi chocia\u017c w minimalnym stopniu wzros\u0142a \u015bwiadomo\u015b\u0107 spo\u0142eczna i odporno\u015b\u0107 na manipulacje, jakimi pos\u0142uguj\u0105 \u00a0si\u0119 na co dzie\u0144 \u00a0politycy i polskie media.<\/strong><\/p>\n<p style=\"text-align: right;\"><em>Antoni Rodziewicz<\/em><\/p>\n<p style=\"text-align: center;\"><a href=\"http:\/\/www.pbo.net.pl\/wp-content\/uploads\/2017\/07\/prawda-jak-lew.jpg\"><img decoding=\"async\" loading=\"lazy\" class=\"alignnone size-full wp-image-202\" src=\"http:\/\/www.pbo.net.pl\/wp-content\/uploads\/2017\/07\/prawda-jak-lew.jpg\" alt=\"\" width=\"950\" height=\"341\" srcset=\"https:\/\/www.pbo.net.pl\/wp-content\/uploads\/2017\/07\/prawda-jak-lew.jpg 950w, https:\/\/www.pbo.net.pl\/wp-content\/uploads\/2017\/07\/prawda-jak-lew-300x108.jpg 300w, https:\/\/www.pbo.net.pl\/wp-content\/uploads\/2017\/07\/prawda-jak-lew-768x276.jpg 768w\" sizes=\"(max-width: 767px) 89vw, (max-width: 1000px) 54vw, (max-width: 1071px) 543px, 580px\" \/><\/a><\/p>\n<p>&nbsp;<\/p>\n<p style=\"text-align: left;\"><a href=\"https:\/\/www.facebook.com\/PrawdaBezOgraniczen\/\" target=\"_blank\" rel=\"noopener\">fanpage PBO<\/a><\/p>\n","protected":false},"excerpt":{"rendered":"<p>We wrze\u015bniu 2016 r. zmuszony zosta\u0142em\u00a0 zawiesi\u0107 dzia\u0142alno\u015b\u0107 gospodarcz\u0105 mojej fantastycznej sp\u00f3\u0142ki Polish Business Oferss sp. z o.o. &#8211;\u00a0 \u00a0po 25\u00a0 latach\u00a0 bardzo wydajnej i naprawd\u0119 &#8222;spektakularnej&#8221; dzia\u0142alno\u015bci doradczej,\u00a0 z powodu wyniszczaj\u0105cych j\u0105\u00a0 atak\u00f3w mafijnych grup przest\u0119pczych powi\u0105zanych z uk\u0142adami politycznymi wsp\u00f3\u0142dzia\u0142aj\u0105cymi z Prokuraturami, mediami i Urz\u0119dami Skarbowymi. W du\u017cym skr\u00f3cie:\u00a0 PBO\u00a0 &#8222;pod\u0142o\u017cy\u0142o\u00a0 sporo \u0142adunk\u00f3w\u00a0 &hellip; <\/p>\n<p class=\"link-more\"><a href=\"https:\/\/www.pbo.net.pl\/\" class=\"more-link\">Czytaj dalej<span class=\"screen-reader-text\"> Motto<\/span><\/a><\/p>\n","protected":false},"author":1,"featured_media":0,"parent":0,"menu_order":0,"comment_status":"open","ping_status":"open","template":"","meta":[],"_links":{"self":[{"href":"https:\/\/www.pbo.net.pl\/index.php?rest_route=\/wp\/v2\/pages\/2"}],"collection":[{"href":"https:\/\/www.pbo.net.pl\/index.php?rest_route=\/wp\/v2\/pages"}],"about":[{"href":"https:\/\/www.pbo.net.pl\/index.php?rest_route=\/wp\/v2\/types\/page"}],"author":[{"embeddable":true,"href":"https:\/\/www.pbo.net.pl\/index.php?rest_route=\/wp\/v2\/users\/1"}],"replies":[{"embeddable":true,"href":"https:\/\/www.pbo.net.pl\/index.php?rest_route=%2Fwp%2Fv2%2Fcomments&post=2"}],"version-history":[{"count":33,"href":"https:\/\/www.pbo.net.pl\/index.php?rest_route=\/wp\/v2\/pages\/2\/revisions"}],"predecessor-version":[{"id":290,"href":"https:\/\/www.pbo.net.pl\/index.php?rest_route=\/wp\/v2\/pages\/2\/revisions\/290"}],"wp:attachment":[{"href":"https:\/\/www.pbo.net.pl\/index.php?rest_route=%2Fwp%2Fv2%2Fmedia&parent=2"}],"curies":[{"name":"wp","href":"https:\/\/api.w.org\/{rel}","templated":true}]}}