{"id":243,"date":"2018-08-07T17:59:18","date_gmt":"2018-08-07T17:59:18","guid":{"rendered":"http:\/\/www.pbo.net.pl\/?page_id=243"},"modified":"2018-08-12T12:33:38","modified_gmt":"2018-08-12T12:33:38","slug":"aktualnosci","status":"publish","type":"page","link":"https:\/\/www.pbo.net.pl\/?page_id=243","title":{"rendered":"Aktualno\u015bci"},"content":{"rendered":"<p><strong>7 sierpie\u0144 2018 r.<\/strong><\/p>\n<p>Miesi\u0105c temu zeznawa\u0142em jako \u015bwiadek w CBA w Poznaniu (linia transgraniczna &#8211; projekt ANAKONDA),\u00a0 dzie\u0144 p\u00f3\u017aniej aresztowano\u00a0 2 cz\u0142onk\u00f3w Zarz\u0105du ENEA SA &#8211; TVP INFO o raporcie PBO:\u00a0<a href=\"https:\/\/www.tvp.info\/37865569\/linia-przesylowa-na-cypr-cba-zatrzymuje-bylych-czlonkow-zarzadu-enei\" target=\"_blank\" rel=\"noopener nofollow\" data-ft=\"{&quot;tn&quot;:&quot;-U&quot;}\" data-lynx-mode=\"asynclazy\" data-lynx-uri=\"https:\/\/l.facebook.com\/l.php?u=https%3A%2F%2Fwww.tvp.info%2F37865569%2Flinia-przesylowa-na-cypr-cba-zatrzymuje-bylych-czlonkow-zarzadu-enei&amp;h=AT3npl2aezTbPOdv3TUMSKCDiPsBq9Gbq_lesF88o9zysW4aNyO1VvxAGCcCrx9EKVT4l3zsO8I0xTCTgiLOBvm4uNpNtTPLW16o13AU2TPO21sL_FmH8d6K-GEd-Qc_u7YbjTeTBcqGO5Il6tBB81zF\">https:\/\/www.tvp.info\/\u2026\/linia-przesylowa-na-cypr-cba-zatrzym\u2026<\/a><\/p>\n<p>Autor materia\u0142u odnosi si\u0119 do \u017br\u00f3d\u0142a : Prawda Bez Ogranicze\u0144 &#8211; PBO:\u00a0 \u201eTylko w 2010 r. sp\u00f3\u0142ka zanotowa\u0142a strat\u0119 blisko 3,5 mln z\u0142. Na powa\u017cne ryzyko zwi\u0105zane z transakcj\u0105 wskazywa\u0142 raport PBO Polish Business Offers. Z dokumentu wynika\u0142o, \u017ce W\u00f3lka Dobrzy\u0144ska-Brze\u015b\u0107 jest lini\u0105 o mocy niewystarczaj\u0105cej do tranzytu energii elektrycznej w ilo\u015bci wi\u0119kszej ni\u017c 150 MW. Nie by\u0142a te\u017c traktowana jako linia przesy\u0142owa, ale dystrybucyjna. Jej zakup nie by\u0142 wi\u0119c konieczny do obrotu energi\u0105 elektryczn\u0105 pochodz\u0105c\u0105 z Bia\u0142orusi\u201d \u2013 podaje dziennik.<\/p>\n<p>26 lipca 2018 r. aresztowano r\u00f3wnie\u017c\u00a0 by\u0142ego Prezesa Zarz\u0105du\u00a0 M. O.<\/p>\n<div><\/div>\n<p>Dzisiaj mam zaproszenie, te\u017c jako \u015bwiadek do Katowic &#8211; Prokuratura Krajowa. Ciekawe kogo zamkn\u0105 tym razem.\u00a0<span class=\"_5mfr _47e3\"><img decoding=\"async\" loading=\"lazy\" class=\"img\" role=\"presentation\" src=\"https:\/\/static.xx.fbcdn.net\/images\/emoji.php\/v9\/f2b\/1.5\/16\/1f604.png\" alt=\"\" width=\"16\" height=\"16\" \/>\u00a0<\/span><\/p>\n<p>Wita Stwosza 31 &#8230;\u00a0 \u00a0ale gmaszysko. ILE &#8222;SPRAWIEDLIWO\u015aCI&#8221; !!!!! \ud83d\ude42<\/p>\n<p><a href=\"http:\/\/www.pbo.net.pl\/wp-content\/uploads\/2018\/08\/prokuratKatowice.jpg\"><img decoding=\"async\" loading=\"lazy\" class=\"alignnone wp-image-297\" src=\"http:\/\/www.pbo.net.pl\/wp-content\/uploads\/2018\/08\/prokuratKatowice.jpg\" alt=\"\" width=\"412\" height=\"618\" srcset=\"https:\/\/www.pbo.net.pl\/wp-content\/uploads\/2018\/08\/prokuratKatowice.jpg 620w, https:\/\/www.pbo.net.pl\/wp-content\/uploads\/2018\/08\/prokuratKatowice-200x300.jpg 200w, https:\/\/www.pbo.net.pl\/wp-content\/uploads\/2018\/08\/prokuratKatowice-300x450.jpg 300w\" sizes=\"(max-width: 412px) 100vw, 412px\" \/><\/a><\/p>\n<p>Mam nadziej\u0119 \u017ce w ko\u0144cu skutecznie zako\u0144czy si\u0119 sprawa\u00a0 JB.\u00a0 \u00a0 \u00a0 \u00a0 \u00a0 \u00a0 \u00a0 \u00a0 \u00a0 \u00a0 \u00a0 \u00a0 \u00a0 \u00a0 \u00a0 \u00a0 \u00a0 \u00a0 Co\u015b DRGN\u0118\u0141O\u00a0 w tych sprawach ?<br \/>\n<a href=\"https:\/\/www.tvp.info\/33120614\/afera-podkarpacka-wazny-dzialacz-psl-zatrzymany-przez-cba-za-lapowke\" target=\"_blank\" rel=\"noopener nofollow\" data-ft=\"{&quot;tn&quot;:&quot;-U&quot;}\" data-lynx-mode=\"asynclazy\" data-lynx-uri=\"https:\/\/l.facebook.com\/l.php?u=https%3A%2F%2Fwww.tvp.info%2F33120614%2Fafera-podkarpacka-wazny-dzialacz-psl-zatrzymany-przez-cba-za-lapowke&amp;h=AT2Ti48szhxYgef43BdlDlByY1WEqE0cu4I0PE_6eF2IvCYZJUxP-4AaW5H2dSFAUnO55F83ptY1qd5I19IY2ZuKpZq0FHnuXWrCVguPqdxfkuUqsoaVrflfMzZYqdoL6RH_MUF7ihdh-Vh3olN_Hb5Z\">https:\/\/www.tvp.info\/\u2026\/afera-podkarpacka-wazny-dzialacz-psl\u2026<\/a><\/p>\n<div><\/div>\n<div><\/div>\n<div><strong>\u00a08 sierpie\u0144 2018 r.<\/strong><\/div>\n<div><\/div>\n<div>No niestety &#8211; NIE.<\/div>\n<div>Stracony czas.<\/div>\n<div>Facet uzyska\u0142 najmocniejszy aktualnie\u00a0 immunitet:\u00a0 klerykalny.<\/div>\n<div>I co ciekawe &#8211; wyszed\u0142 z aresztu za kaucj\u0105 bez kaucji.<\/div>\n<div><\/div>\n<div>https:\/\/wiadomosci.onet.pl\/kraj\/jan-bury-wezwany-do-prokuratury-nie-wplacil-calego-poreczenia-majatkowego\/db35ex<\/div>\n<div><\/div>\n<div><\/div>\n<p>.<\/p>\n","protected":false},"excerpt":{"rendered":"<p>7 sierpie\u0144 2018 r. Miesi\u0105c temu zeznawa\u0142em jako \u015bwiadek w CBA w Poznaniu (linia transgraniczna &#8211; projekt ANAKONDA),\u00a0 dzie\u0144 p\u00f3\u017aniej aresztowano\u00a0 2 cz\u0142onk\u00f3w Zarz\u0105du ENEA SA &#8211; TVP INFO o raporcie PBO:\u00a0https:\/\/www.tvp.info\/\u2026\/linia-przesylowa-na-cypr-cba-zatrzym\u2026 Autor materia\u0142u odnosi si\u0119 do \u017br\u00f3d\u0142a : Prawda Bez Ogranicze\u0144 &#8211; PBO:\u00a0 \u201eTylko w 2010 r. sp\u00f3\u0142ka zanotowa\u0142a strat\u0119 blisko 3,5 mln z\u0142. &hellip; <\/p>\n<p class=\"link-more\"><a href=\"https:\/\/www.pbo.net.pl\/?page_id=243\" class=\"more-link\">Czytaj dalej<span class=\"screen-reader-text\"> Aktualno\u015bci<\/span><\/a><\/p>\n","protected":false},"author":1,"featured_media":0,"parent":0,"menu_order":0,"comment_status":"open","ping_status":"open","template":"","meta":[],"_links":{"self":[{"href":"https:\/\/www.pbo.net.pl\/index.php?rest_route=\/wp\/v2\/pages\/243"}],"collection":[{"href":"https:\/\/www.pbo.net.pl\/index.php?rest_route=\/wp\/v2\/pages"}],"about":[{"href":"https:\/\/www.pbo.net.pl\/index.php?rest_route=\/wp\/v2\/types\/page"}],"author":[{"embeddable":true,"href":"https:\/\/www.pbo.net.pl\/index.php?rest_route=\/wp\/v2\/users\/1"}],"replies":[{"embeddable":true,"href":"https:\/\/www.pbo.net.pl\/index.php?rest_route=%2Fwp%2Fv2%2Fcomments&post=243"}],"version-history":[{"count":13,"href":"https:\/\/www.pbo.net.pl\/index.php?rest_route=\/wp\/v2\/pages\/243\/revisions"}],"predecessor-version":[{"id":300,"href":"https:\/\/www.pbo.net.pl\/index.php?rest_route=\/wp\/v2\/pages\/243\/revisions\/300"}],"wp:attachment":[{"href":"https:\/\/www.pbo.net.pl\/index.php?rest_route=%2Fwp%2Fv2%2Fmedia&parent=243"}],"curies":[{"name":"wp","href":"https:\/\/api.w.org\/{rel}","templated":true}]}}